{"id":2,"date":"2020-02-05T10:53:19","date_gmt":"2020-02-05T09:53:19","guid":{"rendered":"http:\/\/marielleaupaysdesours.fr\/?page_id=2"},"modified":"2020-07-16T16:10:09","modified_gmt":"2020-07-16T14:10:09","slug":"page-d-exemple","status":"publish","type":"page","link":"https:\/\/marielleaupaysdesours.fr\/index.php\/page-d-exemple\/","title":{"rendered":"Mentions L\u00e9gales"},"content":{"rendered":"\n<h3 class=\"wp-block-heading\">Info \u00e9diteur<\/h3>\n\n\n\n<p>Num\u00e9ro de Siret : 51500238400037<\/p>\n\n\n\n<p>Directeur de publication :\u00a0Marielle Brousse<\/p>\n\n\n\n<p>Adresse :\u00a0<strong>219 Impasse des Anglas, 31340 Villemur-sur-Tarn<\/strong><\/p>\n\n\n\n<h3 class=\"wp-block-heading\">Cr\u00e9dits<\/h3>\n\n\n\n<p>Conception du site et r\u00e9alisation :&nbsp;SCRIBE<\/p>\n\n\n\n<p>H\u00e9bergement :\u00a0OVH<\/p>\n\n\n\n<h3 class=\"wp-block-heading\">Protection des donn\u00e9es personnelles<\/h3>\n\n\n\n<p>Aucune information personnelle n\u2019est collect\u00e9e \u00e0 votre insu.&nbsp;Aucune information personnelle n\u2019est c\u00e9d\u00e9e \u00e0 des&nbsp;tiers&nbsp;. N\u00e9anmoins, nous nous r\u00e9servons le droit de divulguer des informations personnelles si la loi l\u2019exige ou si une action est n\u00e9cessaire pour le traitement des r\u00e9clamations.<\/p>\n\n\n\n<p>\u00c9tant donn\u00e9 que les formulaires en ligne sont toujours remplis volontairement, vous \u00eates libre de refuser de remplir un formulaire en ligne. Cependant, si vous choisissez de ne pas le\/les remplir, certains services ne pourront vous \u00eatre fournis.<\/p>\n\n\n\n<h3 class=\"wp-block-heading\">Droit d\u2019acc\u00e8s<\/h3>\n\n\n\n<p>Conform\u00e9ment \u00e0 la Loi du 6 janvier 1978 relative \u00e0 l\u2019informatique, aux fichiers et aux libert\u00e9s, vous disposez d\u2019un droit d\u2019acc\u00e8s et de rectification aux donn\u00e9es personnelles vous concernant.<\/p>\n\n\n\n<p>Si vous voulez exercer ce droit, il vous suffit de nous \u00e9crire \u00e0 contact@marielleaupaysdesours.fr<\/p>\n\n\n\n<p>En conformit\u00e9 avec nos principes, ces donn\u00e9es ne sont jamais c\u00e9d\u00e9es \u00e0 des tiers pour des raisons commerciales ou marketing. L\u2019Editeur s\u2019engage contractuellement \u00e0 assurer la plus stricte confidentialit\u00e9 des donn\u00e9es ainsi confi\u00e9es, sauf injonction judiciaire.&nbsp;<\/p>\n\n\n\n<h3 class=\"wp-block-heading\">Liste de diffusion<\/h3>\n\n\n\n<p>Les adresses \u00e9lectroniques recueillies dans le cadre de la liste de diffusion ne sont utilis\u00e9es que pour l\u2019envoi d\u2019alertes ponctuelles<\/p>\n","protected":false},"excerpt":{"rendered":"<p>Info \u00e9diteur Num\u00e9ro de Siret : 51500238400037 Directeur de publication :\u00a0Marielle Brousse Adresse :\u00a0219 Impasse des Anglas, 31340 Villemur-sur-Tarn Cr\u00e9dits Conception du site et r\u00e9alisation :&nbsp;SCRIBE H\u00e9bergement :\u00a0OVH Protection des donn\u00e9es personnelles Aucune information personnelle n\u2019est collect\u00e9e \u00e0 votre insu.&nbsp;Aucune information personnelle n\u2019est c\u00e9d\u00e9e \u00e0 des&nbsp;tiers&nbsp;. N\u00e9anmoins, nous nous r\u00e9servons le droit de divulguer des [&hellip;]<\/p>\n","protected":false},"author":1,"featured_media":0,"parent":0,"menu_order":0,"comment_status":"closed","ping_status":"open","template":"","meta":{"_monsterinsights_skip_tracking":false,"_monsterinsights_sitenote_active":false,"_monsterinsights_sitenote_note":"","_monsterinsights_sitenote_category":0,"site-sidebar-layout":"default","site-content-layout":"","ast-site-content-layout":"default","site-content-style":"default","site-sidebar-style":"default","ast-global-header-display":"","ast-banner-title-visibility":"","ast-main-header-display":"","ast-hfb-above-header-display":"","ast-hfb-below-header-display":"","ast-hfb-mobile-header-display":"","site-post-title":"","ast-breadcrumbs-content":"","ast-featured-img":"","footer-sml-layout":"","ast-disable-related-posts":"","theme-transparent-header-meta":"","adv-header-id-meta":"","stick-header-meta":"","header-above-stick-meta":"","header-main-stick-meta":"","header-below-stick-meta":"","astra-migrate-meta-layouts":"default","ast-page-background-enabled":"default","ast-page-background-meta":{"desktop":{"background-color":"","background-image":"","background-repeat":"repeat","background-position":"center center","background-size":"auto","background-attachment":"scroll","background-type":"","background-media":"","overlay-type":"","overlay-color":"","overlay-opacity":"","overlay-gradient":""},"tablet":{"background-color":"","background-image":"","background-repeat":"repeat","background-position":"center center","background-size":"auto","background-attachment":"scroll","background-type":"","background-media":"","overlay-type":"","overlay-color":"","overlay-opacity":"","overlay-gradient":""},"mobile":{"background-color":"","background-image":"","background-repeat":"repeat","background-position":"center center","background-size":"auto","background-attachment":"scroll","background-type":"","background-media":"","overlay-type":"","overlay-color":"","overlay-opacity":"","overlay-gradient":""}},"ast-content-background-meta":{"desktop":{"background-color":"var(--ast-global-color-5)","background-image":"","background-repeat":"repeat","background-position":"center center","background-size":"auto","background-attachment":"scroll","background-type":"","background-media":"","overlay-type":"","overlay-color":"","overlay-opacity":"","overlay-gradient":""},"tablet":{"background-color":"var(--ast-global-color-5)","background-image":"","background-repeat":"repeat","background-position":"center center","background-size":"auto","background-attachment":"scroll","background-type":"","background-media":"","overlay-type":"","overlay-color":"","overlay-opacity":"","overlay-gradient":""},"mobile":{"background-color":"var(--ast-global-color-5)","background-image":"","background-repeat":"repeat","background-position":"center center","background-size":"auto","background-attachment":"scroll","background-type":"","background-media":"","overlay-type":"","overlay-color":"","overlay-opacity":"","overlay-gradient":""}},"footnotes":""},"class_list":["post-2","page","type-page","status-publish","hentry"],"yoast_head":"<!-- This site is optimized with the Yoast SEO plugin v27.5 - https:\/\/yoast.com\/product\/yoast-seo-wordpress\/ -->\n<title>Mentions L\u00e9gales - Marielle au Pays des Ours | Vente en ligne de peluches<\/title>\n<meta name=\"robots\" content=\"index, follow, max-snippet:-1, max-image-preview:large, max-video-preview:-1\" \/>\n<link rel=\"canonical\" href=\"https:\/\/marielleaupaysdesours.fr\/index.php\/page-d-exemple\/\" \/>\n<meta property=\"og:locale\" content=\"fr_FR\" \/>\n<meta property=\"og:type\" content=\"article\" \/>\n<meta property=\"og:title\" content=\"Mentions L\u00e9gales - Marielle au Pays des Ours | Vente en ligne de peluches\" \/>\n<meta property=\"og:description\" content=\"Info \u00e9diteur Num\u00e9ro de Siret : 51500238400037 Directeur de publication :\u00a0Marielle Brousse Adresse :\u00a0219 Impasse des Anglas, 31340 Villemur-sur-Tarn Cr\u00e9dits Conception du site et r\u00e9alisation :&nbsp;SCRIBE H\u00e9bergement :\u00a0OVH Protection des donn\u00e9es personnelles Aucune information personnelle n\u2019est collect\u00e9e \u00e0 votre insu.&nbsp;Aucune information personnelle n\u2019est c\u00e9d\u00e9e \u00e0 des&nbsp;tiers&nbsp;. N\u00e9anmoins, nous nous r\u00e9servons le droit de divulguer des [&hellip;]\" \/>\n<meta property=\"og:url\" content=\"https:\/\/marielleaupaysdesours.fr\/index.php\/page-d-exemple\/\" \/>\n<meta property=\"og:site_name\" content=\"Marielle au Pays des Ours | Vente en ligne de peluches\" \/>\n<meta property=\"article:modified_time\" content=\"2020-07-16T14:10:09+00:00\" \/>\n<meta name=\"twitter:card\" content=\"summary_large_image\" \/>\n<meta name=\"twitter:label1\" content=\"Dur\u00e9e de lecture estim\u00e9e\" \/>\n\t<meta name=\"twitter:data1\" content=\"1 minute\" \/>\n<script type=\"application\/ld+json\" class=\"yoast-schema-graph\">{\"@context\":\"https:\\\/\\\/schema.org\",\"@graph\":[{\"@type\":\"WebPage\",\"@id\":\"https:\\\/\\\/marielleaupaysdesours.fr\\\/index.php\\\/page-d-exemple\\\/\",\"url\":\"https:\\\/\\\/marielleaupaysdesours.fr\\\/index.php\\\/page-d-exemple\\\/\",\"name\":\"Mentions L\u00e9gales - Marielle au Pays des Ours | Vente en ligne de peluches\",\"isPartOf\":{\"@id\":\"https:\\\/\\\/marielleaupaysdesours.fr\\\/#website\"},\"datePublished\":\"2020-02-05T09:53:19+00:00\",\"dateModified\":\"2020-07-16T14:10:09+00:00\",\"breadcrumb\":{\"@id\":\"https:\\\/\\\/marielleaupaysdesours.fr\\\/index.php\\\/page-d-exemple\\\/#breadcrumb\"},\"inLanguage\":\"fr-FR\",\"potentialAction\":[{\"@type\":\"ReadAction\",\"target\":[\"https:\\\/\\\/marielleaupaysdesours.fr\\\/index.php\\\/page-d-exemple\\\/\"]}]},{\"@type\":\"BreadcrumbList\",\"@id\":\"https:\\\/\\\/marielleaupaysdesours.fr\\\/index.php\\\/page-d-exemple\\\/#breadcrumb\",\"itemListElement\":[{\"@type\":\"ListItem\",\"position\":1,\"name\":\"Accueil\",\"item\":\"https:\\\/\\\/marielleaupaysdesours.fr\\\/\"},{\"@type\":\"ListItem\",\"position\":2,\"name\":\"Mentions L\u00e9gales\"}]},{\"@type\":\"WebSite\",\"@id\":\"https:\\\/\\\/marielleaupaysdesours.fr\\\/#website\",\"url\":\"https:\\\/\\\/marielleaupaysdesours.fr\\\/\",\"name\":\"Marielle au Pays des Ours | Vente en ligne de peluches\",\"description\":\"vente en ligne de peluches\",\"publisher\":{\"@id\":\"https:\\\/\\\/marielleaupaysdesours.fr\\\/#organization\"},\"potentialAction\":[{\"@type\":\"SearchAction\",\"target\":{\"@type\":\"EntryPoint\",\"urlTemplate\":\"https:\\\/\\\/marielleaupaysdesours.fr\\\/?s={search_term_string}\"},\"query-input\":{\"@type\":\"PropertyValueSpecification\",\"valueRequired\":true,\"valueName\":\"search_term_string\"}}],\"inLanguage\":\"fr-FR\"},{\"@type\":\"Organization\",\"@id\":\"https:\\\/\\\/marielleaupaysdesours.fr\\\/#organization\",\"name\":\"Marielle au Pays des Ours | Vente en ligne de peluches\",\"url\":\"https:\\\/\\\/marielleaupaysdesours.fr\\\/\",\"logo\":{\"@type\":\"ImageObject\",\"inLanguage\":\"fr-FR\",\"@id\":\"https:\\\/\\\/marielleaupaysdesours.fr\\\/#\\\/schema\\\/logo\\\/image\\\/\",\"url\":\"https:\\\/\\\/marielleaupaysdesours.fr\\\/wp-content\\\/uploads\\\/2020\\\/10\\\/logo-marielle-light.jpg\",\"contentUrl\":\"https:\\\/\\\/marielleaupaysdesours.fr\\\/wp-content\\\/uploads\\\/2020\\\/10\\\/logo-marielle-light.jpg\",\"width\":500,\"height\":500,\"caption\":\"Marielle au Pays des Ours | Vente en ligne de peluches\"},\"image\":{\"@id\":\"https:\\\/\\\/marielleaupaysdesours.fr\\\/#\\\/schema\\\/logo\\\/image\\\/\"}}]}<\/script>\n<!-- \/ Yoast SEO plugin. -->","yoast_head_json":{"title":"Mentions L\u00e9gales - Marielle au Pays des Ours | Vente en ligne de peluches","robots":{"index":"index","follow":"follow","max-snippet":"max-snippet:-1","max-image-preview":"max-image-preview:large","max-video-preview":"max-video-preview:-1"},"canonical":"https:\/\/marielleaupaysdesours.fr\/index.php\/page-d-exemple\/","og_locale":"fr_FR","og_type":"article","og_title":"Mentions L\u00e9gales - Marielle au Pays des Ours | Vente en ligne de peluches","og_description":"Info \u00e9diteur Num\u00e9ro de Siret : 51500238400037 Directeur de publication :\u00a0Marielle Brousse Adresse :\u00a0219 Impasse des Anglas, 31340 Villemur-sur-Tarn Cr\u00e9dits Conception du site et r\u00e9alisation :&nbsp;SCRIBE H\u00e9bergement :\u00a0OVH Protection des donn\u00e9es personnelles Aucune information personnelle n\u2019est collect\u00e9e \u00e0 votre insu.&nbsp;Aucune information personnelle n\u2019est c\u00e9d\u00e9e \u00e0 des&nbsp;tiers&nbsp;. N\u00e9anmoins, nous nous r\u00e9servons le droit de divulguer des [&hellip;]","og_url":"https:\/\/marielleaupaysdesours.fr\/index.php\/page-d-exemple\/","og_site_name":"Marielle au Pays des Ours | Vente en ligne de peluches","article_modified_time":"2020-07-16T14:10:09+00:00","twitter_card":"summary_large_image","twitter_misc":{"Dur\u00e9e de lecture estim\u00e9e":"1 minute"},"schema":{"@context":"https:\/\/schema.org","@graph":[{"@type":"WebPage","@id":"https:\/\/marielleaupaysdesours.fr\/index.php\/page-d-exemple\/","url":"https:\/\/marielleaupaysdesours.fr\/index.php\/page-d-exemple\/","name":"Mentions L\u00e9gales - Marielle au Pays des Ours | Vente en ligne de peluches","isPartOf":{"@id":"https:\/\/marielleaupaysdesours.fr\/#website"},"datePublished":"2020-02-05T09:53:19+00:00","dateModified":"2020-07-16T14:10:09+00:00","breadcrumb":{"@id":"https:\/\/marielleaupaysdesours.fr\/index.php\/page-d-exemple\/#breadcrumb"},"inLanguage":"fr-FR","potentialAction":[{"@type":"ReadAction","target":["https:\/\/marielleaupaysdesours.fr\/index.php\/page-d-exemple\/"]}]},{"@type":"BreadcrumbList","@id":"https:\/\/marielleaupaysdesours.fr\/index.php\/page-d-exemple\/#breadcrumb","itemListElement":[{"@type":"ListItem","position":1,"name":"Accueil","item":"https:\/\/marielleaupaysdesours.fr\/"},{"@type":"ListItem","position":2,"name":"Mentions L\u00e9gales"}]},{"@type":"WebSite","@id":"https:\/\/marielleaupaysdesours.fr\/#website","url":"https:\/\/marielleaupaysdesours.fr\/","name":"Marielle au Pays des Ours | Vente en ligne de peluches","description":"vente en ligne de peluches","publisher":{"@id":"https:\/\/marielleaupaysdesours.fr\/#organization"},"potentialAction":[{"@type":"SearchAction","target":{"@type":"EntryPoint","urlTemplate":"https:\/\/marielleaupaysdesours.fr\/?s={search_term_string}"},"query-input":{"@type":"PropertyValueSpecification","valueRequired":true,"valueName":"search_term_string"}}],"inLanguage":"fr-FR"},{"@type":"Organization","@id":"https:\/\/marielleaupaysdesours.fr\/#organization","name":"Marielle au Pays des Ours | Vente en ligne de peluches","url":"https:\/\/marielleaupaysdesours.fr\/","logo":{"@type":"ImageObject","inLanguage":"fr-FR","@id":"https:\/\/marielleaupaysdesours.fr\/#\/schema\/logo\/image\/","url":"https:\/\/marielleaupaysdesours.fr\/wp-content\/uploads\/2020\/10\/logo-marielle-light.jpg","contentUrl":"https:\/\/marielleaupaysdesours.fr\/wp-content\/uploads\/2020\/10\/logo-marielle-light.jpg","width":500,"height":500,"caption":"Marielle au Pays des Ours | Vente en ligne de peluches"},"image":{"@id":"https:\/\/marielleaupaysdesours.fr\/#\/schema\/logo\/image\/"}}]}},"jetpack_sharing_enabled":true,"_links":{"self":[{"href":"https:\/\/marielleaupaysdesours.fr\/index.php\/wp-json\/wp\/v2\/pages\/2","targetHints":{"allow":["GET"]}}],"collection":[{"href":"https:\/\/marielleaupaysdesours.fr\/index.php\/wp-json\/wp\/v2\/pages"}],"about":[{"href":"https:\/\/marielleaupaysdesours.fr\/index.php\/wp-json\/wp\/v2\/types\/page"}],"author":[{"embeddable":true,"href":"https:\/\/marielleaupaysdesours.fr\/index.php\/wp-json\/wp\/v2\/users\/1"}],"replies":[{"embeddable":true,"href":"https:\/\/marielleaupaysdesours.fr\/index.php\/wp-json\/wp\/v2\/comments?post=2"}],"version-history":[{"count":3,"href":"https:\/\/marielleaupaysdesours.fr\/index.php\/wp-json\/wp\/v2\/pages\/2\/revisions"}],"predecessor-version":[{"id":678,"href":"https:\/\/marielleaupaysdesours.fr\/index.php\/wp-json\/wp\/v2\/pages\/2\/revisions\/678"}],"wp:attachment":[{"href":"https:\/\/marielleaupaysdesours.fr\/index.php\/wp-json\/wp\/v2\/media?parent=2"}],"curies":[{"name":"wp","href":"https:\/\/api.w.org\/{rel}","templated":true}]}}